{"id":2926,"date":"2022-10-06T15:06:33","date_gmt":"2022-10-06T12:06:33","guid":{"rendered":"https:\/\/visitoulu.fi\/?page_id=2926"},"modified":"2024-05-22T10:36:47","modified_gmt":"2024-05-22T07:36:47","slug":"whats-happening-in-oulu","status":"publish","type":"page","link":"https:\/\/visitoulufi-2025-10-14_10_27_17.test.cchosting.fi\/en\/whats-happening-in-oulu\/","title":{"rendered":"Things are happening in Oulu!"},"content":{"rendered":"<p>Are you looking for an activity, new information, relief from your cultural hunger or something new? There's always room for at least one Oulu-filled event experience! In fact, a visit to Oulu doesn't even count if it doesn't include participation in a local event. Check out all the events in Oulu and choose the one that suits your trip.&nbsp;<\/p>","protected":false},"excerpt":{"rendered":"<p>Kaipaatko toimintaa, uutta tietoa, helpotusta kulttuurinn\u00e4lk\u00e4\u00e4n tai jotain ennenkokematonta? Aina on tilaa ainakin yhdelle oululaiss\u00e4vytteiselle tapahtumakokemukselle! Oikeastaan Oulussa k\u00e4ynti\u00e4 ei edes lasketa, ellei se sis\u00e4ll\u00e4 osallisuutta johonkin paikalliseen tapahtumaan. Katso t\u00e4st\u00e4 kaikki Oulun tapahtumat ja valitse reissullesi sopivat.&nbsp; [&#8230;]<\/p>\n<p><a class=\"btn btn-secondary understrap-read-more-link\" href=\"https:\/\/visitoulufi-2025-10-14_10_27_17.test.cchosting.fi\/en\/whats-happening-in-oulu\/\">Read More&#8230;<span class=\"screen-reader-text\"> from Oulussa tapahtuu!<\/span><\/a><\/p>","protected":false},"author":1,"featured_media":1826,"parent":0,"menu_order":0,"comment_status":"closed","ping_status":"closed","template":"","meta":{"_acf_changed":false,"content-type":"","footnotes":""},"coauthors":[160],"class_list":["post-2926","page","type-page","status-publish","has-post-thumbnail","hentry"],"acf":[],"yoast_head":"<!-- This site is optimized with the Yoast SEO plugin v26.0 - https:\/\/yoast.com\/wordpress\/plugins\/seo\/ -->\n<title>Oulussa tapahtuu! - Visit Oulu<\/title>\n<meta name=\"robots\" content=\"index, follow, max-snippet:-1, max-image-preview:large, max-video-preview:-1\" \/>\n<link rel=\"canonical\" href=\"https:\/\/visitoulufi-2025-10-14_10_27_17.test.cchosting.fi\/en\/whats-happening-in-oulu\/\" \/>\n<meta property=\"og:locale\" content=\"en_US\" \/>\n<meta property=\"og:type\" content=\"article\" \/>\n<meta property=\"og:title\" content=\"Oulussa tapahtuu! - Visit Oulu\" \/>\n<meta property=\"og:description\" content=\"Kaipaatko toimintaa, uutta tietoa, helpotusta kulttuurinn\u00e4lk\u00e4\u00e4n tai jotain ennenkokematonta? Aina on tilaa ainakin yhdelle oululaiss\u00e4vytteiselle tapahtumakokemukselle! Oikeastaan Oulussa k\u00e4ynti\u00e4 ei edes lasketa, ellei se sis\u00e4ll\u00e4 osallisuutta johonkin paikalliseen tapahtumaan. Katso t\u00e4st\u00e4 kaikki Oulun tapahtumat ja valitse reissullesi sopivat.&nbsp; [...]Read More... from Oulussa tapahtuu!\" \/>\n<meta property=\"og:url\" content=\"https:\/\/visitoulufi-2025-10-14_10_27_17.test.cchosting.fi\/en\/whats-happening-in-oulu\/\" \/>\n<meta property=\"og:site_name\" content=\"Visit Oulu\" \/>\n<meta property=\"article:modified_time\" content=\"2024-05-22T07:36:47+00:00\" \/>\n<meta property=\"og:image\" content=\"https:\/\/visitoulufi-2025-10-14_10_27_17.test.cchosting.fi\/wp-content\/uploads\/2022\/06\/VisitOulu_F94I3028-e1655209121619.jpg\" \/>\n\t<meta property=\"og:image:width\" content=\"1776\" \/>\n\t<meta property=\"og:image:height\" content=\"1233\" \/>\n\t<meta property=\"og:image:type\" content=\"image\/jpeg\" \/>\n<meta name=\"twitter:card\" content=\"summary_large_image\" \/>\n<meta name=\"twitter:label1\" content=\"Est. reading time\" \/>\n\t<meta name=\"twitter:data1\" content=\"1 minute\" \/>\n\t<meta name=\"twitter:label2\" content=\"Written by\" \/>\n\t<meta name=\"twitter:data2\" content=\"juha\" \/>\n<script type=\"application\/ld+json\" class=\"yoast-schema-graph\">{\"@context\":\"https:\/\/schema.org\",\"@graph\":[{\"@type\":\"WebPage\",\"@id\":\"https:\/\/visitoulufi-2025-10-14_10_27_17.test.cchosting.fi\/oulussa-tapahtuu\/\",\"url\":\"https:\/\/visitoulufi-2025-10-14_10_27_17.test.cchosting.fi\/oulussa-tapahtuu\/\",\"name\":\"Oulussa tapahtuu! - Visit Oulu\",\"isPartOf\":{\"@id\":\"https:\/\/visitoulufi-2025-10-14_10_27_17.test.cchosting.fi\/#website\"},\"primaryImageOfPage\":{\"@id\":\"https:\/\/visitoulufi-2025-10-14_10_27_17.test.cchosting.fi\/oulussa-tapahtuu\/#primaryimage\"},\"image\":{\"@id\":\"https:\/\/visitoulufi-2025-10-14_10_27_17.test.cchosting.fi\/oulussa-tapahtuu\/#primaryimage\"},\"thumbnailUrl\":\"https:\/\/visitoulufi-2025-10-14_10_27_17.test.cchosting.fi\/wp-content\/uploads\/2022\/06\/VisitOulu_F94I3028-e1655209121619.jpg\",\"datePublished\":\"2022-10-06T12:06:33+00:00\",\"dateModified\":\"2024-05-22T07:36:47+00:00\",\"breadcrumb\":{\"@id\":\"https:\/\/visitoulufi-2025-10-14_10_27_17.test.cchosting.fi\/oulussa-tapahtuu\/#breadcrumb\"},\"inLanguage\":\"en-US\",\"potentialAction\":[{\"@type\":\"ReadAction\",\"target\":[\"https:\/\/visitoulufi-2025-10-14_10_27_17.test.cchosting.fi\/oulussa-tapahtuu\/\"]}]},{\"@type\":\"ImageObject\",\"inLanguage\":\"en-US\",\"@id\":\"https:\/\/visitoulufi-2025-10-14_10_27_17.test.cchosting.fi\/oulussa-tapahtuu\/#primaryimage\",\"url\":\"https:\/\/visitoulufi-2025-10-14_10_27_17.test.cchosting.fi\/wp-content\/uploads\/2022\/06\/VisitOulu_F94I3028-e1655209121619.jpg\",\"contentUrl\":\"https:\/\/visitoulufi-2025-10-14_10_27_17.test.cchosting.fi\/wp-content\/uploads\/2022\/06\/VisitOulu_F94I3028-e1655209121619.jpg\",\"width\":1776,\"height\":1233},{\"@type\":\"BreadcrumbList\",\"@id\":\"https:\/\/visitoulufi-2025-10-14_10_27_17.test.cchosting.fi\/oulussa-tapahtuu\/#breadcrumb\",\"itemListElement\":[{\"@type\":\"ListItem\",\"position\":1,\"name\":\"Etusivu\",\"item\":\"https:\/\/visitoulufi-2025-10-14_10_27_17.test.cchosting.fi\/\"},{\"@type\":\"ListItem\",\"position\":2,\"name\":\"Oulussa tapahtuu!\"}]},{\"@type\":\"WebSite\",\"@id\":\"https:\/\/visitoulufi-2025-10-14_10_27_17.test.cchosting.fi\/#website\",\"url\":\"https:\/\/visitoulufi-2025-10-14_10_27_17.test.cchosting.fi\/\",\"name\":\"Visit Oulu\",\"description\":\"\",\"potentialAction\":[{\"@type\":\"SearchAction\",\"target\":{\"@type\":\"EntryPoint\",\"urlTemplate\":\"https:\/\/visitoulufi-2025-10-14_10_27_17.test.cchosting.fi\/?s={search_term_string}\"},\"query-input\":{\"@type\":\"PropertyValueSpecification\",\"valueRequired\":true,\"valueName\":\"search_term_string\"}}],\"inLanguage\":\"en-US\"}]}<\/script>\n<!-- \/ Yoast SEO plugin. -->","yoast_head_json":{"title":"What's happening in Oulu! - Visit Oulu","robots":{"index":"index","follow":"follow","max-snippet":"max-snippet:-1","max-image-preview":"max-image-preview:large","max-video-preview":"max-video-preview:-1"},"canonical":"https:\/\/visitoulufi-2025-10-14_10_27_17.test.cchosting.fi\/en\/whats-happening-in-oulu\/","og_locale":"en_US","og_type":"article","og_title":"Oulussa tapahtuu! - Visit Oulu","og_description":"Kaipaatko toimintaa, uutta tietoa, helpotusta kulttuurinn\u00e4lk\u00e4\u00e4n tai jotain ennenkokematonta? Aina on tilaa ainakin yhdelle oululaiss\u00e4vytteiselle tapahtumakokemukselle! Oikeastaan Oulussa k\u00e4ynti\u00e4 ei edes lasketa, ellei se sis\u00e4ll\u00e4 osallisuutta johonkin paikalliseen tapahtumaan. Katso t\u00e4st\u00e4 kaikki Oulun tapahtumat ja valitse reissullesi sopivat.&nbsp; [...]Read More... from Oulussa tapahtuu!","og_url":"https:\/\/visitoulufi-2025-10-14_10_27_17.test.cchosting.fi\/en\/whats-happening-in-oulu\/","og_site_name":"Visit Oulu","article_modified_time":"2024-05-22T07:36:47+00:00","og_image":[{"width":1776,"height":1233,"url":"https:\/\/visitoulufi-2025-10-14_10_27_17.test.cchosting.fi\/wp-content\/uploads\/2022\/06\/VisitOulu_F94I3028-e1655209121619.jpg","type":"image\/jpeg"}],"twitter_card":"summary_large_image","twitter_misc":{"Est. reading time":"1 minute","Written by":"juha"},"schema":{"@context":"https:\/\/schema.org","@graph":[{"@type":"WebPage","@id":"https:\/\/visitoulufi-2025-10-14_10_27_17.test.cchosting.fi\/oulussa-tapahtuu\/","url":"https:\/\/visitoulufi-2025-10-14_10_27_17.test.cchosting.fi\/oulussa-tapahtuu\/","name":"What's happening in Oulu! - Visit Oulu","isPartOf":{"@id":"https:\/\/visitoulufi-2025-10-14_10_27_17.test.cchosting.fi\/#website"},"primaryImageOfPage":{"@id":"https:\/\/visitoulufi-2025-10-14_10_27_17.test.cchosting.fi\/oulussa-tapahtuu\/#primaryimage"},"image":{"@id":"https:\/\/visitoulufi-2025-10-14_10_27_17.test.cchosting.fi\/oulussa-tapahtuu\/#primaryimage"},"thumbnailUrl":"https:\/\/visitoulufi-2025-10-14_10_27_17.test.cchosting.fi\/wp-content\/uploads\/2022\/06\/VisitOulu_F94I3028-e1655209121619.jpg","datePublished":"2022-10-06T12:06:33+00:00","dateModified":"2024-05-22T07:36:47+00:00","breadcrumb":{"@id":"https:\/\/visitoulufi-2025-10-14_10_27_17.test.cchosting.fi\/oulussa-tapahtuu\/#breadcrumb"},"inLanguage":"en-US","potentialAction":[{"@type":"ReadAction","target":["https:\/\/visitoulufi-2025-10-14_10_27_17.test.cchosting.fi\/oulussa-tapahtuu\/"]}]},{"@type":"ImageObject","inLanguage":"en-US","@id":"https:\/\/visitoulufi-2025-10-14_10_27_17.test.cchosting.fi\/oulussa-tapahtuu\/#primaryimage","url":"https:\/\/visitoulufi-2025-10-14_10_27_17.test.cchosting.fi\/wp-content\/uploads\/2022\/06\/VisitOulu_F94I3028-e1655209121619.jpg","contentUrl":"https:\/\/visitoulufi-2025-10-14_10_27_17.test.cchosting.fi\/wp-content\/uploads\/2022\/06\/VisitOulu_F94I3028-e1655209121619.jpg","width":1776,"height":1233},{"@type":"BreadcrumbList","@id":"https:\/\/visitoulufi-2025-10-14_10_27_17.test.cchosting.fi\/oulussa-tapahtuu\/#breadcrumb","itemListElement":[{"@type":"ListItem","position":1,"name":"Etusivu","item":"https:\/\/visitoulufi-2025-10-14_10_27_17.test.cchosting.fi\/"},{"@type":"ListItem","position":2,"name":"Oulussa tapahtuu!"}]},{"@type":"WebSite","@id":"https:\/\/visitoulufi-2025-10-14_10_27_17.test.cchosting.fi\/#website","url":"https:\/\/visitoulufi-2025-10-14_10_27_17.test.cchosting.fi\/","name":"Visit Oulu","description":"","potentialAction":[{"@type":"SearchAction","target":{"@type":"EntryPoint","urlTemplate":"https:\/\/visitoulufi-2025-10-14_10_27_17.test.cchosting.fi\/?s={search_term_string}"},"query-input":{"@type":"PropertyValueSpecification","valueRequired":true,"valueName":"search_term_string"}}],"inLanguage":"en-US"}]}},"_links":{"self":[{"href":"https:\/\/visitoulufi-2025-10-14_10_27_17.test.cchosting.fi\/en\/wp-json\/wp\/v2\/pages\/2926","targetHints":{"allow":["GET"]}}],"collection":[{"href":"https:\/\/visitoulufi-2025-10-14_10_27_17.test.cchosting.fi\/en\/wp-json\/wp\/v2\/pages"}],"about":[{"href":"https:\/\/visitoulufi-2025-10-14_10_27_17.test.cchosting.fi\/en\/wp-json\/wp\/v2\/types\/page"}],"author":[{"embeddable":true,"href":"https:\/\/visitoulufi-2025-10-14_10_27_17.test.cchosting.fi\/en\/wp-json\/wp\/v2\/users\/1"}],"replies":[{"embeddable":true,"href":"https:\/\/visitoulufi-2025-10-14_10_27_17.test.cchosting.fi\/en\/wp-json\/wp\/v2\/comments?post=2926"}],"version-history":[{"count":12,"href":"https:\/\/visitoulufi-2025-10-14_10_27_17.test.cchosting.fi\/en\/wp-json\/wp\/v2\/pages\/2926\/revisions"}],"predecessor-version":[{"id":7850,"href":"https:\/\/visitoulufi-2025-10-14_10_27_17.test.cchosting.fi\/en\/wp-json\/wp\/v2\/pages\/2926\/revisions\/7850"}],"wp:featuredmedia":[{"embeddable":true,"href":"https:\/\/visitoulufi-2025-10-14_10_27_17.test.cchosting.fi\/en\/wp-json\/wp\/v2\/media\/1826"}],"wp:attachment":[{"href":"https:\/\/visitoulufi-2025-10-14_10_27_17.test.cchosting.fi\/en\/wp-json\/wp\/v2\/media?parent=2926"}],"wp:term":[{"taxonomy":"author","embeddable":true,"href":"https:\/\/visitoulufi-2025-10-14_10_27_17.test.cchosting.fi\/en\/wp-json\/wp\/v2\/coauthors?post=2926"}],"curies":[{"name":"wp","href":"https:\/\/api.w.org\/{rel}","templated":true}]}}